{"id":32155,"date":"2024-11-22T11:21:56","date_gmt":"2024-11-22T11:21:56","guid":{"rendered":"https:\/\/kraikai.premiumspace24.com\/?post_type=product&#038;p=32155"},"modified":"2024-11-22T11:22:18","modified_gmt":"2024-11-22T11:22:18","slug":"konservai-sunims-animonda-grancarno-adult-800g-su-elniena-ir-obuoliais","status":"publish","type":"product","link":"https:\/\/kraikai.premiumspace24.com\/index.php\/product\/konservai-sunims-animonda-grancarno-adult-800g-su-elniena-ir-obuoliais\/","title":{"rendered":"KONSERVAI \u0160UNIMS Animonda Grancarno Adult 800g. su elniena ir obuoliais"},"content":{"rendered":"<p><strong>Animonda Grancarno Adult 800g\u2013 <\/strong>visavertis konservuotas \u0117dalas skirtas suaugusiems \u0161unims. Pagardintas elniena ir obuoliais.<\/p>\n<ul>\n<li>Konservuose yra vis\u0173 b\u016btin\u0173 nauding\u0173 med\u017eiag\u0173, atitinkan\u010di\u0173 suaugusi\u0173 \u0161un\u0173 maistinius reikalavimus.<\/li>\n<li>\u0116dalas pagardintas specialiai parinktu ingredient\u0173 deriniu \u2013 nat\u016bralia elniena ir obuoliais. Toks maistas pa\u012fvairins racion\u0105 ir i\u0161gelb\u0117s nuo monotonijos augintinio duben\u0117lyje.<\/li>\n<li>Sud\u0117tyje n\u0117ra soj\u0173 ar gr\u016bd\u0173 priemai\u0161\u0173. Konservams gaminti nenaudojami konservantai, dirbtin\u0117s da\u017eomosios med\u017eiagos bei skonio stiprikliai.<\/li>\n<li>\u0116dalo pakuot\u0117 sandari, patogi naudoti, puikiai i\u0161laiko nat\u016bral\u0173 skon\u012f ir aromat\u0105, apsaugo nuo mikrob\u0173, bakterij\u0173 ir kit\u0173 kenksming\u0173 med\u017eiag\u0173 patekimo \u012f maist\u0105.<\/li>\n<\/ul>\n<div><\/div>\n<p><strong>SUD\u0116TIS:<\/strong><\/p>\n<p>M\u0117sa, m\u0117sos subproduktai (jautiena \u2013 79 %, elniena \u2013 15 %), vaisiai (obuoliai \u2013 4 %), mineralin\u0117s med\u017eiagos.<\/p>\n<p><strong>PRIEDAI (kilograme maisto) :<\/strong><\/p>\n<p>vitaminas D3 \u2013 200 TV, jodas (E2) \u2013 0,2 mg, manganas (E5) \u2013 1,5 mg, cinkas (E6) \u2013 10 mg.<\/p>\n<p><strong>ANALITIN\u0116S SUDEDAMOSIOS DALYS :<\/strong><\/p>\n<p>Baltymai \u2013 10 %, riebalai \u2013 7 %, l\u0105steliena \u2013 0,5 %, pelenai \u2013 1,8 %, dr\u0117gm\u0117 \u2013 78 %.<\/p>\n<p><strong>Rekomenduojama dienos norma:<\/strong><\/p>\n<p>Su\u0117damo \u0117dalo kiekis gali priklausyti nuo \u0161uns temperamento ir aktyvumo. \u0160alia visuomet turi b\u016bti \u0161vie\u017eio vandens.<\/p>\n<table>\n<tbody>\n<tr>\n<td><strong>Suaugusio \u0161uns svoris<\/strong><\/td>\n<td><strong>2 kg<\/strong><\/td>\n<td><strong>5 kg<\/strong><\/td>\n<td><strong>10 kg <\/strong><\/td>\n<td><strong>15 kg<\/strong><\/td>\n<\/tr>\n<tr>\n<td>Per ma\u017eo svorio<\/td>\n<td>&#8211;<\/td>\n<td>415 g<\/td>\n<td>770 g<\/td>\n<td>875 g<\/td>\n<\/tr>\n<tr>\n<td>Normalaus svorio<\/td>\n<td>150 g<\/td>\n<td>370 g<\/td>\n<td>620 g<\/td>\n<td>780 g<\/td>\n<\/tr>\n<tr>\n<td>Su vir\u0161svoriu<\/td>\n<td>&#8211;<\/td>\n<td>290 g<\/td>\n<td>490 g<\/td>\n<td>620 g<\/td>\n<\/tr>\n<\/tbody>\n<\/table>\n","protected":false},"excerpt":{"rendered":"<p><strong>Animonda Grancarno Adult \u2013 <\/strong>visavertis konservuotas \u0117dalas skirtas suaugusiems \u0161unims. Pagardintas elniena ir obuoliais.<\/p>\n<div><\/div>\n","protected":false},"featured_media":32172,"template":"","meta":[],"product_cat":[46,70],"product_tag":[80,71,36],"class_list":{"0":"post-32155","1":"product","2":"type-product","3":"status-publish","4":"has-post-thumbnail","6":"product_cat-sunims","7":"product_cat-konservai-sunims","8":"product_tag-elniena","9":"product_tag-konservai","10":"product_tag-sunims","12":"first","13":"outofstock","14":"featured","15":"shipping-taxable","16":"purchasable","17":"product-type-simple"},"yoast_head":"<!-- This site is optimized with the Yoast SEO plugin v23.9 - https:\/\/yoast.com\/wordpress\/plugins\/seo\/ -->\n<title>KONSERVAI \u0160UNIMS Animonda Grancarno Adult 800g. su elniena ir obuoliais - Kraikai<\/title>\n<meta name=\"robots\" content=\"index, follow, max-snippet:-1, max-image-preview:large, max-video-preview:-1\" \/>\n<link rel=\"canonical\" href=\"https:\/\/kraikai.premiumspace24.com\/index.php\/product\/konservai-sunims-animonda-grancarno-adult-800g-su-elniena-ir-obuoliais\/\" \/>\n<meta property=\"og:locale\" content=\"lt_LT\" \/>\n<meta property=\"og:type\" content=\"article\" \/>\n<meta property=\"og:title\" content=\"KONSERVAI \u0160UNIMS Animonda Grancarno Adult 800g. su elniena ir obuoliais - Kraikai\" \/>\n<meta property=\"og:description\" content=\"Animonda Grancarno Adult \u2013 visavertis konservuotas \u0117dalas skirtas suaugusiems \u0161unims. Pagardintas elniena ir obuoliais.\" \/>\n<meta property=\"og:url\" content=\"https:\/\/kraikai.premiumspace24.com\/index.php\/product\/konservai-sunims-animonda-grancarno-adult-800g-su-elniena-ir-obuoliais\/\" \/>\n<meta property=\"og:site_name\" content=\"Kraikai\" \/>\n<meta property=\"article:modified_time\" content=\"2024-11-22T11:22:18+00:00\" \/>\n<meta property=\"og:image\" content=\"https:\/\/kraikai.premiumspace24.com\/wp-content\/uploads\/2024\/11\/82484-animonda-GranCarno-Adult-mit_Hirsch_und_Aepfeln-Hund-Nassfutter.jpg_1920x1920.jpg\" \/>\n\t<meta property=\"og:image:width\" content=\"1920\" \/>\n\t<meta property=\"og:image:height\" content=\"1920\" \/>\n\t<meta property=\"og:image:type\" content=\"image\/jpeg\" \/>\n<meta name=\"twitter:card\" content=\"summary_large_image\" \/>\n<meta name=\"twitter:label1\" content=\"Est. reading time\" \/>\n\t<meta name=\"twitter:data1\" content=\"1 minut\u0117\" \/>\n<script type=\"application\/ld+json\" class=\"yoast-schema-graph\">{\"@context\":\"https:\/\/schema.org\",\"@graph\":[{\"@type\":\"WebPage\",\"@id\":\"https:\/\/kraikai.premiumspace24.com\/index.php\/product\/konservai-sunims-animonda-grancarno-adult-800g-su-elniena-ir-obuoliais\/\",\"url\":\"https:\/\/kraikai.premiumspace24.com\/index.php\/product\/konservai-sunims-animonda-grancarno-adult-800g-su-elniena-ir-obuoliais\/\",\"name\":\"KONSERVAI \u0160UNIMS Animonda Grancarno Adult 800g. su elniena ir obuoliais - Kraikai\",\"isPartOf\":{\"@id\":\"https:\/\/kraikai.premiumspace24.com\/#website\"},\"primaryImageOfPage\":{\"@id\":\"https:\/\/kraikai.premiumspace24.com\/index.php\/product\/konservai-sunims-animonda-grancarno-adult-800g-su-elniena-ir-obuoliais\/#primaryimage\"},\"image\":{\"@id\":\"https:\/\/kraikai.premiumspace24.com\/index.php\/product\/konservai-sunims-animonda-grancarno-adult-800g-su-elniena-ir-obuoliais\/#primaryimage\"},\"thumbnailUrl\":\"https:\/\/kraikai.premiumspace24.com\/wp-content\/uploads\/2024\/11\/82484-animonda-GranCarno-Adult-mit_Hirsch_und_Aepfeln-Hund-Nassfutter.jpg_1920x1920.jpg\",\"datePublished\":\"2024-11-22T11:21:56+00:00\",\"dateModified\":\"2024-11-22T11:22:18+00:00\",\"breadcrumb\":{\"@id\":\"https:\/\/kraikai.premiumspace24.com\/index.php\/product\/konservai-sunims-animonda-grancarno-adult-800g-su-elniena-ir-obuoliais\/#breadcrumb\"},\"inLanguage\":\"lt-LT\",\"potentialAction\":[{\"@type\":\"ReadAction\",\"target\":[\"https:\/\/kraikai.premiumspace24.com\/index.php\/product\/konservai-sunims-animonda-grancarno-adult-800g-su-elniena-ir-obuoliais\/\"]}]},{\"@type\":\"ImageObject\",\"inLanguage\":\"lt-LT\",\"@id\":\"https:\/\/kraikai.premiumspace24.com\/index.php\/product\/konservai-sunims-animonda-grancarno-adult-800g-su-elniena-ir-obuoliais\/#primaryimage\",\"url\":\"https:\/\/kraikai.premiumspace24.com\/wp-content\/uploads\/2024\/11\/82484-animonda-GranCarno-Adult-mit_Hirsch_und_Aepfeln-Hund-Nassfutter.jpg_1920x1920.jpg\",\"contentUrl\":\"https:\/\/kraikai.premiumspace24.com\/wp-content\/uploads\/2024\/11\/82484-animonda-GranCarno-Adult-mit_Hirsch_und_Aepfeln-Hund-Nassfutter.jpg_1920x1920.jpg\",\"width\":1920,\"height\":1920},{\"@type\":\"BreadcrumbList\",\"@id\":\"https:\/\/kraikai.premiumspace24.com\/index.php\/product\/konservai-sunims-animonda-grancarno-adult-800g-su-elniena-ir-obuoliais\/#breadcrumb\",\"itemListElement\":[{\"@type\":\"ListItem\",\"position\":1,\"name\":\"Home\",\"item\":\"https:\/\/kraikai.premiumspace24.com\/\"},{\"@type\":\"ListItem\",\"position\":2,\"name\":\"Shop\",\"item\":\"https:\/\/kraikai.premiumspace24.com\/index.php\/shop\/\"},{\"@type\":\"ListItem\",\"position\":3,\"name\":\"KONSERVAI \u0160UNIMS Animonda Grancarno Adult 800g. su elniena ir obuoliais\"}]},{\"@type\":\"WebSite\",\"@id\":\"https:\/\/kraikai.premiumspace24.com\/#website\",\"url\":\"https:\/\/kraikai.premiumspace24.com\/\",\"name\":\"Kraikai\",\"description\":\"Ka\u010di\u0173 nat\u016bral\u016bs kraikai, \u0161un\u0173 sausas maistas, konservai\",\"potentialAction\":[{\"@type\":\"SearchAction\",\"target\":{\"@type\":\"EntryPoint\",\"urlTemplate\":\"https:\/\/kraikai.premiumspace24.com\/?s={search_term_string}\"},\"query-input\":{\"@type\":\"PropertyValueSpecification\",\"valueRequired\":true,\"valueName\":\"search_term_string\"}}],\"inLanguage\":\"lt-LT\"}]}<\/script>\n<!-- \/ Yoast SEO plugin. -->","yoast_head_json":{"title":"KONSERVAI \u0160UNIMS Animonda Grancarno Adult 800g. su elniena ir obuoliais - Kraikai","robots":{"index":"index","follow":"follow","max-snippet":"max-snippet:-1","max-image-preview":"max-image-preview:large","max-video-preview":"max-video-preview:-1"},"canonical":"https:\/\/kraikai.premiumspace24.com\/index.php\/product\/konservai-sunims-animonda-grancarno-adult-800g-su-elniena-ir-obuoliais\/","og_locale":"lt_LT","og_type":"article","og_title":"KONSERVAI \u0160UNIMS Animonda Grancarno Adult 800g. su elniena ir obuoliais - Kraikai","og_description":"Animonda Grancarno Adult \u2013 visavertis konservuotas \u0117dalas skirtas suaugusiems \u0161unims. Pagardintas elniena ir obuoliais.","og_url":"https:\/\/kraikai.premiumspace24.com\/index.php\/product\/konservai-sunims-animonda-grancarno-adult-800g-su-elniena-ir-obuoliais\/","og_site_name":"Kraikai","article_modified_time":"2024-11-22T11:22:18+00:00","og_image":[{"width":1920,"height":1920,"url":"https:\/\/kraikai.premiumspace24.com\/wp-content\/uploads\/2024\/11\/82484-animonda-GranCarno-Adult-mit_Hirsch_und_Aepfeln-Hund-Nassfutter.jpg_1920x1920.jpg","type":"image\/jpeg"}],"twitter_card":"summary_large_image","twitter_misc":{"Est. reading time":"1 minut\u0117"},"schema":{"@context":"https:\/\/schema.org","@graph":[{"@type":"WebPage","@id":"https:\/\/kraikai.premiumspace24.com\/index.php\/product\/konservai-sunims-animonda-grancarno-adult-800g-su-elniena-ir-obuoliais\/","url":"https:\/\/kraikai.premiumspace24.com\/index.php\/product\/konservai-sunims-animonda-grancarno-adult-800g-su-elniena-ir-obuoliais\/","name":"KONSERVAI \u0160UNIMS Animonda Grancarno Adult 800g. su elniena ir obuoliais - Kraikai","isPartOf":{"@id":"https:\/\/kraikai.premiumspace24.com\/#website"},"primaryImageOfPage":{"@id":"https:\/\/kraikai.premiumspace24.com\/index.php\/product\/konservai-sunims-animonda-grancarno-adult-800g-su-elniena-ir-obuoliais\/#primaryimage"},"image":{"@id":"https:\/\/kraikai.premiumspace24.com\/index.php\/product\/konservai-sunims-animonda-grancarno-adult-800g-su-elniena-ir-obuoliais\/#primaryimage"},"thumbnailUrl":"https:\/\/kraikai.premiumspace24.com\/wp-content\/uploads\/2024\/11\/82484-animonda-GranCarno-Adult-mit_Hirsch_und_Aepfeln-Hund-Nassfutter.jpg_1920x1920.jpg","datePublished":"2024-11-22T11:21:56+00:00","dateModified":"2024-11-22T11:22:18+00:00","breadcrumb":{"@id":"https:\/\/kraikai.premiumspace24.com\/index.php\/product\/konservai-sunims-animonda-grancarno-adult-800g-su-elniena-ir-obuoliais\/#breadcrumb"},"inLanguage":"lt-LT","potentialAction":[{"@type":"ReadAction","target":["https:\/\/kraikai.premiumspace24.com\/index.php\/product\/konservai-sunims-animonda-grancarno-adult-800g-su-elniena-ir-obuoliais\/"]}]},{"@type":"ImageObject","inLanguage":"lt-LT","@id":"https:\/\/kraikai.premiumspace24.com\/index.php\/product\/konservai-sunims-animonda-grancarno-adult-800g-su-elniena-ir-obuoliais\/#primaryimage","url":"https:\/\/kraikai.premiumspace24.com\/wp-content\/uploads\/2024\/11\/82484-animonda-GranCarno-Adult-mit_Hirsch_und_Aepfeln-Hund-Nassfutter.jpg_1920x1920.jpg","contentUrl":"https:\/\/kraikai.premiumspace24.com\/wp-content\/uploads\/2024\/11\/82484-animonda-GranCarno-Adult-mit_Hirsch_und_Aepfeln-Hund-Nassfutter.jpg_1920x1920.jpg","width":1920,"height":1920},{"@type":"BreadcrumbList","@id":"https:\/\/kraikai.premiumspace24.com\/index.php\/product\/konservai-sunims-animonda-grancarno-adult-800g-su-elniena-ir-obuoliais\/#breadcrumb","itemListElement":[{"@type":"ListItem","position":1,"name":"Home","item":"https:\/\/kraikai.premiumspace24.com\/"},{"@type":"ListItem","position":2,"name":"Shop","item":"https:\/\/kraikai.premiumspace24.com\/index.php\/shop\/"},{"@type":"ListItem","position":3,"name":"KONSERVAI \u0160UNIMS Animonda Grancarno Adult 800g. su elniena ir obuoliais"}]},{"@type":"WebSite","@id":"https:\/\/kraikai.premiumspace24.com\/#website","url":"https:\/\/kraikai.premiumspace24.com\/","name":"Kraikai","description":"Ka\u010di\u0173 nat\u016bral\u016bs kraikai, \u0161un\u0173 sausas maistas, konservai","potentialAction":[{"@type":"SearchAction","target":{"@type":"EntryPoint","urlTemplate":"https:\/\/kraikai.premiumspace24.com\/?s={search_term_string}"},"query-input":{"@type":"PropertyValueSpecification","valueRequired":true,"valueName":"search_term_string"}}],"inLanguage":"lt-LT"}]}},"_links":{"self":[{"href":"https:\/\/kraikai.premiumspace24.com\/index.php\/wp-json\/wp\/v2\/product\/32155","targetHints":{"allow":["GET"]}}],"collection":[{"href":"https:\/\/kraikai.premiumspace24.com\/index.php\/wp-json\/wp\/v2\/product"}],"about":[{"href":"https:\/\/kraikai.premiumspace24.com\/index.php\/wp-json\/wp\/v2\/types\/product"}],"wp:featuredmedia":[{"embeddable":true,"href":"https:\/\/kraikai.premiumspace24.com\/index.php\/wp-json\/wp\/v2\/media\/32172"}],"wp:attachment":[{"href":"https:\/\/kraikai.premiumspace24.com\/index.php\/wp-json\/wp\/v2\/media?parent=32155"}],"wp:term":[{"taxonomy":"product_cat","embeddable":true,"href":"https:\/\/kraikai.premiumspace24.com\/index.php\/wp-json\/wp\/v2\/product_cat?post=32155"},{"taxonomy":"product_tag","embeddable":true,"href":"https:\/\/kraikai.premiumspace24.com\/index.php\/wp-json\/wp\/v2\/product_tag?post=32155"}],"curies":[{"name":"wp","href":"https:\/\/api.w.org\/{rel}","templated":true}]}}