{"id":32108,"date":"2024-11-22T11:21:32","date_gmt":"2024-11-22T11:21:32","guid":{"rendered":"https:\/\/kraikai.premiumspace24.com\/?post_type=product&#038;p=32108"},"modified":"2024-12-19T14:00:52","modified_gmt":"2024-12-19T14:00:52","slug":"dziovintos-pusies-pjuveninis-kaciu-kraikas-belowood-turis-svoris-135l-8kg-100-naturalus-kraikas","status":"publish","type":"product","link":"https:\/\/kraikai.premiumspace24.com\/index.php\/product\/dziovintos-pusies-pjuveninis-kaciu-kraikas-belowood-turis-svoris-135l-8kg-100-naturalus-kraikas\/","title":{"rendered":"D\u017dIOVINTOS PU\u0160IES PJUVENINIS KA\u010cI\u0172 KRAIKAS &#8222;BeloWood&#8221;. T\u016bris \/ svoris: 13,5L\/8Kg.100% NAT\u016aRALUS KRAIKAS"},"content":{"rendered":"<h3>Ekologi\u0161ko d\u017eiovintos pu\u0161ies pjuveninio\u00a0 ka\u010di\u0173 kraiko &#8222;BELOWOOD&#8221; apra\u0161ymas<\/h3>\n<p><strong>Grynasis kiekis:<\/strong> 13,5L \/ 8Kg.,&#8221;BeloWood&#8221; Ekologi\u0161kas, 100% nat\u016bralios d\u017eiovintos pu\u0161ies pjuvenos.<\/p>\n<p><strong>Skirtas:<\/strong> Kraikas \u012fvairaus am\u017eiaus ir \u012fvairi\u0173 veisli\u0173 kat\u0117ms, tinka ir jautrioms kat\u0117ms, yra saugus, nesukeliantis alergijos. Pu\u0161ies medienos ka\u010di\u0173 kraikas taip pat gali b\u016bti naudojamas kitiems augintiniams, tokiems kaip triu\u0161iai, j\u016br\u0173 kiaulyt\u0117s, ropliai ir kt.<\/p>\n<p><strong>Privalumai:<\/strong> &#8222;BeloWood&#8221; Ekologi\u0161kas, 100% nat\u016bralios d\u017eiovintos pu\u0161ies pjuvenos. Nat\u016brali pu\u0161\u0173 aliejaus galia naikina amoniako kvap\u0105 bei kitus nemalonius kvapus. Sugeria dr\u0117gm\u0119 ir blog\u0105 kvap\u0105, \u0161is gaivus pu\u0161ies kvapas panaikins J\u016bs\u0173 ka\u010di\u0173 kraiko d\u0117\u017eut\u0117s nemalon\u0173 kvap\u0105. Nat\u016bralus pu\u0161ies kvapas turi antibakterini\u0173 med\u017eiag\u0173 ir savybi\u0173, kurios apsaugo nuo bet kokio tipo bakterij\u0173. Panaudoti pu\u0161ies medienos ka\u010di\u0173 kraiko milteliai gali b\u016bti perdirbami kaip tr\u0105\u0161os g\u0117l\u0117ms ir augalams. Panaudot\u0105 ka\u010di\u0173 kraik\u0105 i\u0161meskite kartu su atitinkamomis buitin\u0117mis atliekomis. Gamybos proceso metu nepridedama jokios chemin\u0117s med\u017eiagos. <strong>Pu\u0161ies med\u017eio ka\u010di\u0173 kraik\u0105 galima nuleisti \u012f tualet\u0105.<\/strong><\/p>\n<p><strong>Sud\u0117tis: <\/strong>Ekologi\u0161kas, 100% nat\u016bralios d\u017eiovintos pu\u0161ies pjuvenos.<\/p>\n<p><strong>Pagaminta:<\/strong> Kinijoje<\/p>\n","protected":false},"excerpt":{"rendered":"<h3>Ekologi\u0161kas d\u017eiovintos pu\u0161ies pjuveninis kraikas kat\u0117ms BELOWOOD<\/h3>\n<p><strong><span lang=\"lt-LT\">BeloWood <\/span><\/strong>\u2013 Ekologi\u0161kas, 100% nat\u016bralios d\u017eiovintos pu\u0161ies pjuvenos. Nat\u016brali pu\u0161\u0173 aliejaus galia naikina amoniako kvap\u0105 bei kitus nemalonius kvapus.<\/p>\n","protected":false},"featured_media":32139,"template":"","meta":[],"product_cat":[35,54,26],"product_tag":[39,55,56,41,42,43,60,44,57,61],"class_list":{"0":"post-32108","1":"product","2":"type-product","3":"status-publish","4":"has-post-thumbnail","6":"product_cat-kraikas-katems","7":"product_cat-bentonitinis-kaciu-kraikas","8":"product_cat-kita","9":"product_tag-39","10":"product_tag-bentonitinis","11":"product_tag-is-molio","12":"product_tag-kaciu-kraikas","13":"product_tag-katems","14":"product_tag-kraikas-katems","15":"product_tag-levander","16":"product_tag-naturalus-kraikas","17":"product_tag-susokantis-kraikas","18":"product_tag-wonder-white","20":"first","21":"instock","22":"sale","23":"featured","24":"shipping-taxable","25":"purchasable","26":"product-type-simple"},"yoast_head":"<!-- This site is optimized with the Yoast SEO plugin v23.9 - https:\/\/yoast.com\/wordpress\/plugins\/seo\/ -->\n<title>D\u017dIOVINTOS PU\u0160IES PJUVENINIS KA\u010cI\u0172 KRAIKAS &quot;BeloWood&quot;. T\u016bris \/ svoris: 13,5L\/8Kg.100% NAT\u016aRALUS KRAIKAS - Kraikai<\/title>\n<meta name=\"robots\" content=\"index, follow, max-snippet:-1, max-image-preview:large, max-video-preview:-1\" \/>\n<link rel=\"canonical\" href=\"https:\/\/kraikai.premiumspace24.com\/index.php\/product\/dziovintos-pusies-pjuveninis-kaciu-kraikas-belowood-turis-svoris-135l-8kg-100-naturalus-kraikas\/\" \/>\n<meta property=\"og:locale\" content=\"lt_LT\" \/>\n<meta property=\"og:type\" content=\"article\" \/>\n<meta property=\"og:title\" content=\"D\u017dIOVINTOS PU\u0160IES PJUVENINIS KA\u010cI\u0172 KRAIKAS &quot;BeloWood&quot;. T\u016bris \/ svoris: 13,5L\/8Kg.100% NAT\u016aRALUS KRAIKAS - Kraikai\" \/>\n<meta property=\"og:description\" content=\"Ekologi\u0161kas d\u017eiovintos pu\u0161ies pjuveninis kraikas kat\u0117ms BELOWOOD BeloWood \u2013 Ekologi\u0161kas, 100% nat\u016bralios d\u017eiovintos pu\u0161ies pjuvenos. Nat\u016brali pu\u0161\u0173 aliejaus galia naikina amoniako kvap\u0105 bei kitus nemalonius kvapus.\" \/>\n<meta property=\"og:url\" content=\"https:\/\/kraikai.premiumspace24.com\/index.php\/product\/dziovintos-pusies-pjuveninis-kaciu-kraikas-belowood-turis-svoris-135l-8kg-100-naturalus-kraikas\/\" \/>\n<meta property=\"og:site_name\" content=\"Kraikai\" \/>\n<meta property=\"article:modified_time\" content=\"2024-12-19T14:00:52+00:00\" \/>\n<meta property=\"og:image\" content=\"https:\/\/kraikai.premiumspace24.com\/wp-content\/uploads\/2024\/11\/93A9334-1-scaled-1.jpg\" \/>\n\t<meta property=\"og:image:width\" content=\"2560\" \/>\n\t<meta property=\"og:image:height\" content=\"1707\" \/>\n\t<meta property=\"og:image:type\" content=\"image\/jpeg\" \/>\n<meta name=\"twitter:card\" content=\"summary_large_image\" \/>\n<meta name=\"twitter:label1\" content=\"Est. reading time\" \/>\n\t<meta name=\"twitter:data1\" content=\"1 minut\u0117\" \/>\n<script type=\"application\/ld+json\" class=\"yoast-schema-graph\">{\"@context\":\"https:\/\/schema.org\",\"@graph\":[{\"@type\":\"WebPage\",\"@id\":\"https:\/\/kraikai.premiumspace24.com\/index.php\/product\/dziovintos-pusies-pjuveninis-kaciu-kraikas-belowood-turis-svoris-135l-8kg-100-naturalus-kraikas\/\",\"url\":\"https:\/\/kraikai.premiumspace24.com\/index.php\/product\/dziovintos-pusies-pjuveninis-kaciu-kraikas-belowood-turis-svoris-135l-8kg-100-naturalus-kraikas\/\",\"name\":\"D\u017dIOVINTOS PU\u0160IES PJUVENINIS KA\u010cI\u0172 KRAIKAS \\\"BeloWood\\\". T\u016bris \/ svoris: 13,5L\/8Kg.100% NAT\u016aRALUS KRAIKAS - Kraikai\",\"isPartOf\":{\"@id\":\"https:\/\/kraikai.premiumspace24.com\/#website\"},\"primaryImageOfPage\":{\"@id\":\"https:\/\/kraikai.premiumspace24.com\/index.php\/product\/dziovintos-pusies-pjuveninis-kaciu-kraikas-belowood-turis-svoris-135l-8kg-100-naturalus-kraikas\/#primaryimage\"},\"image\":{\"@id\":\"https:\/\/kraikai.premiumspace24.com\/index.php\/product\/dziovintos-pusies-pjuveninis-kaciu-kraikas-belowood-turis-svoris-135l-8kg-100-naturalus-kraikas\/#primaryimage\"},\"thumbnailUrl\":\"https:\/\/kraikai.premiumspace24.com\/wp-content\/uploads\/2024\/11\/93A9334-1-scaled-1.jpg\",\"datePublished\":\"2024-11-22T11:21:32+00:00\",\"dateModified\":\"2024-12-19T14:00:52+00:00\",\"breadcrumb\":{\"@id\":\"https:\/\/kraikai.premiumspace24.com\/index.php\/product\/dziovintos-pusies-pjuveninis-kaciu-kraikas-belowood-turis-svoris-135l-8kg-100-naturalus-kraikas\/#breadcrumb\"},\"inLanguage\":\"lt-LT\",\"potentialAction\":[{\"@type\":\"ReadAction\",\"target\":[\"https:\/\/kraikai.premiumspace24.com\/index.php\/product\/dziovintos-pusies-pjuveninis-kaciu-kraikas-belowood-turis-svoris-135l-8kg-100-naturalus-kraikas\/\"]}]},{\"@type\":\"ImageObject\",\"inLanguage\":\"lt-LT\",\"@id\":\"https:\/\/kraikai.premiumspace24.com\/index.php\/product\/dziovintos-pusies-pjuveninis-kaciu-kraikas-belowood-turis-svoris-135l-8kg-100-naturalus-kraikas\/#primaryimage\",\"url\":\"https:\/\/kraikai.premiumspace24.com\/wp-content\/uploads\/2024\/11\/93A9334-1-scaled-1.jpg\",\"contentUrl\":\"https:\/\/kraikai.premiumspace24.com\/wp-content\/uploads\/2024\/11\/93A9334-1-scaled-1.jpg\",\"width\":2560,\"height\":1707},{\"@type\":\"BreadcrumbList\",\"@id\":\"https:\/\/kraikai.premiumspace24.com\/index.php\/product\/dziovintos-pusies-pjuveninis-kaciu-kraikas-belowood-turis-svoris-135l-8kg-100-naturalus-kraikas\/#breadcrumb\",\"itemListElement\":[{\"@type\":\"ListItem\",\"position\":1,\"name\":\"Home\",\"item\":\"https:\/\/kraikai.premiumspace24.com\/\"},{\"@type\":\"ListItem\",\"position\":2,\"name\":\"Shop\",\"item\":\"https:\/\/kraikai.premiumspace24.com\/index.php\/shop\/\"},{\"@type\":\"ListItem\",\"position\":3,\"name\":\"D\u017dIOVINTOS PU\u0160IES PJUVENINIS KA\u010cI\u0172 KRAIKAS &#8222;BeloWood&#8221;. T\u016bris \/ svoris: 13,5L\/8Kg.100% NAT\u016aRALUS KRAIKAS\"}]},{\"@type\":\"WebSite\",\"@id\":\"https:\/\/kraikai.premiumspace24.com\/#website\",\"url\":\"https:\/\/kraikai.premiumspace24.com\/\",\"name\":\"Kraikai\",\"description\":\"Ka\u010di\u0173 nat\u016bral\u016bs kraikai, \u0161un\u0173 sausas maistas, konservai\",\"potentialAction\":[{\"@type\":\"SearchAction\",\"target\":{\"@type\":\"EntryPoint\",\"urlTemplate\":\"https:\/\/kraikai.premiumspace24.com\/?s={search_term_string}\"},\"query-input\":{\"@type\":\"PropertyValueSpecification\",\"valueRequired\":true,\"valueName\":\"search_term_string\"}}],\"inLanguage\":\"lt-LT\"}]}<\/script>\n<!-- \/ Yoast SEO plugin. -->","yoast_head_json":{"title":"D\u017dIOVINTOS PU\u0160IES PJUVENINIS KA\u010cI\u0172 KRAIKAS \"BeloWood\". T\u016bris \/ svoris: 13,5L\/8Kg.100% NAT\u016aRALUS KRAIKAS - Kraikai","robots":{"index":"index","follow":"follow","max-snippet":"max-snippet:-1","max-image-preview":"max-image-preview:large","max-video-preview":"max-video-preview:-1"},"canonical":"https:\/\/kraikai.premiumspace24.com\/index.php\/product\/dziovintos-pusies-pjuveninis-kaciu-kraikas-belowood-turis-svoris-135l-8kg-100-naturalus-kraikas\/","og_locale":"lt_LT","og_type":"article","og_title":"D\u017dIOVINTOS PU\u0160IES PJUVENINIS KA\u010cI\u0172 KRAIKAS \"BeloWood\". T\u016bris \/ svoris: 13,5L\/8Kg.100% NAT\u016aRALUS KRAIKAS - Kraikai","og_description":"Ekologi\u0161kas d\u017eiovintos pu\u0161ies pjuveninis kraikas kat\u0117ms BELOWOOD BeloWood \u2013 Ekologi\u0161kas, 100% nat\u016bralios d\u017eiovintos pu\u0161ies pjuvenos. Nat\u016brali pu\u0161\u0173 aliejaus galia naikina amoniako kvap\u0105 bei kitus nemalonius kvapus.","og_url":"https:\/\/kraikai.premiumspace24.com\/index.php\/product\/dziovintos-pusies-pjuveninis-kaciu-kraikas-belowood-turis-svoris-135l-8kg-100-naturalus-kraikas\/","og_site_name":"Kraikai","article_modified_time":"2024-12-19T14:00:52+00:00","og_image":[{"width":2560,"height":1707,"url":"https:\/\/kraikai.premiumspace24.com\/wp-content\/uploads\/2024\/11\/93A9334-1-scaled-1.jpg","type":"image\/jpeg"}],"twitter_card":"summary_large_image","twitter_misc":{"Est. reading time":"1 minut\u0117"},"schema":{"@context":"https:\/\/schema.org","@graph":[{"@type":"WebPage","@id":"https:\/\/kraikai.premiumspace24.com\/index.php\/product\/dziovintos-pusies-pjuveninis-kaciu-kraikas-belowood-turis-svoris-135l-8kg-100-naturalus-kraikas\/","url":"https:\/\/kraikai.premiumspace24.com\/index.php\/product\/dziovintos-pusies-pjuveninis-kaciu-kraikas-belowood-turis-svoris-135l-8kg-100-naturalus-kraikas\/","name":"D\u017dIOVINTOS PU\u0160IES PJUVENINIS KA\u010cI\u0172 KRAIKAS \"BeloWood\". T\u016bris \/ svoris: 13,5L\/8Kg.100% NAT\u016aRALUS KRAIKAS - Kraikai","isPartOf":{"@id":"https:\/\/kraikai.premiumspace24.com\/#website"},"primaryImageOfPage":{"@id":"https:\/\/kraikai.premiumspace24.com\/index.php\/product\/dziovintos-pusies-pjuveninis-kaciu-kraikas-belowood-turis-svoris-135l-8kg-100-naturalus-kraikas\/#primaryimage"},"image":{"@id":"https:\/\/kraikai.premiumspace24.com\/index.php\/product\/dziovintos-pusies-pjuveninis-kaciu-kraikas-belowood-turis-svoris-135l-8kg-100-naturalus-kraikas\/#primaryimage"},"thumbnailUrl":"https:\/\/kraikai.premiumspace24.com\/wp-content\/uploads\/2024\/11\/93A9334-1-scaled-1.jpg","datePublished":"2024-11-22T11:21:32+00:00","dateModified":"2024-12-19T14:00:52+00:00","breadcrumb":{"@id":"https:\/\/kraikai.premiumspace24.com\/index.php\/product\/dziovintos-pusies-pjuveninis-kaciu-kraikas-belowood-turis-svoris-135l-8kg-100-naturalus-kraikas\/#breadcrumb"},"inLanguage":"lt-LT","potentialAction":[{"@type":"ReadAction","target":["https:\/\/kraikai.premiumspace24.com\/index.php\/product\/dziovintos-pusies-pjuveninis-kaciu-kraikas-belowood-turis-svoris-135l-8kg-100-naturalus-kraikas\/"]}]},{"@type":"ImageObject","inLanguage":"lt-LT","@id":"https:\/\/kraikai.premiumspace24.com\/index.php\/product\/dziovintos-pusies-pjuveninis-kaciu-kraikas-belowood-turis-svoris-135l-8kg-100-naturalus-kraikas\/#primaryimage","url":"https:\/\/kraikai.premiumspace24.com\/wp-content\/uploads\/2024\/11\/93A9334-1-scaled-1.jpg","contentUrl":"https:\/\/kraikai.premiumspace24.com\/wp-content\/uploads\/2024\/11\/93A9334-1-scaled-1.jpg","width":2560,"height":1707},{"@type":"BreadcrumbList","@id":"https:\/\/kraikai.premiumspace24.com\/index.php\/product\/dziovintos-pusies-pjuveninis-kaciu-kraikas-belowood-turis-svoris-135l-8kg-100-naturalus-kraikas\/#breadcrumb","itemListElement":[{"@type":"ListItem","position":1,"name":"Home","item":"https:\/\/kraikai.premiumspace24.com\/"},{"@type":"ListItem","position":2,"name":"Shop","item":"https:\/\/kraikai.premiumspace24.com\/index.php\/shop\/"},{"@type":"ListItem","position":3,"name":"D\u017dIOVINTOS PU\u0160IES PJUVENINIS KA\u010cI\u0172 KRAIKAS &#8222;BeloWood&#8221;. T\u016bris \/ svoris: 13,5L\/8Kg.100% NAT\u016aRALUS KRAIKAS"}]},{"@type":"WebSite","@id":"https:\/\/kraikai.premiumspace24.com\/#website","url":"https:\/\/kraikai.premiumspace24.com\/","name":"Kraikai","description":"Ka\u010di\u0173 nat\u016bral\u016bs kraikai, \u0161un\u0173 sausas maistas, konservai","potentialAction":[{"@type":"SearchAction","target":{"@type":"EntryPoint","urlTemplate":"https:\/\/kraikai.premiumspace24.com\/?s={search_term_string}"},"query-input":{"@type":"PropertyValueSpecification","valueRequired":true,"valueName":"search_term_string"}}],"inLanguage":"lt-LT"}]}},"_links":{"self":[{"href":"https:\/\/kraikai.premiumspace24.com\/index.php\/wp-json\/wp\/v2\/product\/32108","targetHints":{"allow":["GET"]}}],"collection":[{"href":"https:\/\/kraikai.premiumspace24.com\/index.php\/wp-json\/wp\/v2\/product"}],"about":[{"href":"https:\/\/kraikai.premiumspace24.com\/index.php\/wp-json\/wp\/v2\/types\/product"}],"wp:featuredmedia":[{"embeddable":true,"href":"https:\/\/kraikai.premiumspace24.com\/index.php\/wp-json\/wp\/v2\/media\/32139"}],"wp:attachment":[{"href":"https:\/\/kraikai.premiumspace24.com\/index.php\/wp-json\/wp\/v2\/media?parent=32108"}],"wp:term":[{"taxonomy":"product_cat","embeddable":true,"href":"https:\/\/kraikai.premiumspace24.com\/index.php\/wp-json\/wp\/v2\/product_cat?post=32108"},{"taxonomy":"product_tag","embeddable":true,"href":"https:\/\/kraikai.premiumspace24.com\/index.php\/wp-json\/wp\/v2\/product_tag?post=32108"}],"curies":[{"name":"wp","href":"https:\/\/api.w.org\/{rel}","templated":true}]}}