{"id":31946,"date":"2024-11-22T11:19:46","date_gmt":"2024-11-22T11:19:46","guid":{"rendered":"https:\/\/kraikai.premiumspace24.com\/?post_type=product&#038;p=31946"},"modified":"2025-01-09T15:27:09","modified_gmt":"2025-01-09T15:27:09","slug":"bentonitinis-susokantis-kaciu-kraikas-wonder-white-natural-59l-5kg-05mm-200mm-100-naturalus-kraikas","status":"publish","type":"product","link":"https:\/\/kraikai.premiumspace24.com\/index.php\/product\/bentonitinis-susokantis-kaciu-kraikas-wonder-white-natural-59l-5kg-05mm-200mm-100-naturalus-kraikas\/","title":{"rendered":"BENTONITINIS SU\u0160OKANTIS KA\u010cI\u0172 KRAIKAS &#8222;Wonder White Natural&#8221; 5,9L \/ 5Kg., (0,5mm-2,00mm). 100% NAT\u016aRALUS KRAIKAS"},"content":{"rendered":"<h3>Bentonitinio su\u0161okan\u010dio ka\u010di\u0173 kraiko &#8222;WONDER WHITE NATURAL&#8221; apra\u0161ymas<\/h3>\n<p><strong>Grynasis kiekis:<\/strong> 5,9L \/ 5Kg., 0,5mm-2,00mm, &#8222;Wonder White&#8221; bentonitinis ka\u010di\u0173 kraikas yra iki 99,5% be dulki\u0173.<\/p>\n<p><strong>Skirtas:<\/strong> Kraikas \u012fvairaus am\u017eiaus ir \u012fvairi\u0173 veisli\u0173 kat\u0117ms, tinka ir jautrioms kat\u0117ms, yra saugus, nesukeliantis alergijos. Tinka alergi\u0161kiems augintiniams bei \u0161eimininkams.<\/p>\n<p><strong>Privalumai:<\/strong> &#8222;Wonder White&#8221; bentonitinis ka\u010di\u0173 kraikas yra iki 99,5% be dulki\u0173. Greitai sugeriantis kat\u0117s \u0161lapim\u0105 ir nemalonius kvapus. Neprilimpantis prie kat\u0117s leten\u0117li\u0173.<\/p>\n<p><strong>Sud\u0117tis:<\/strong> Pagamintas i\u0161 100 % procent\u0173 nat\u016bralaus molio. Be joki\u0173 kvapikli\u0173 ar kvap\u0173, be chemini\u0173 pried\u0173, kvap\u0173 ir da\u017eikli\u0173.<\/p>\n<p><strong>Naudojimas:<\/strong> Supilkite \u012f kat\u0117s d\u0117\u017eut\u0119 apie 6-7cm sluoksn\u012f bentonitinio ka\u010di\u0173 kraiko Wonder White. Reguliariai pagal vizual\u0173 poreik\u012f, kart\u0105 per dien\u0105 pa\u0161alinkite i\u0161matas ir su\u0161okus\u012f bentonitin\u012f kraik\u0105. Kat\u0117s d\u0117\u017eut\u0117je suma\u017e\u0117jus bentonito t\u016briui, b\u016btina v\u0117l papildyti iki rekomenduojamo 6-7cm sluoksnio storio bentonitinio kraiko. Ne\u0161var\u0173 ir panaudot\u0105 bentonitin\u012f kraik\u0105 galima \u0161alinti kartu su buitin\u0117mis atliekomis.<\/p>\n<p><strong>Pagaminta:<\/strong> Turkijoje<\/p>\n","protected":false},"excerpt":{"rendered":"<h3>Bentonitinis su\u0161okantis kraikas kat\u0117ms. 100% nat\u016bralaus molio ka\u010di\u0173 kraikas <span lang=\"lt-LT\">WONDER WHITE NATURAL<\/span><\/h3>\n<p><strong><span lang=\"lt-LT\">Wonder White Natural <\/span><\/strong> \u2013 Bentonitinis su\u0161okantis ka\u010di\u0173 kraikas &#8211; Pagamintas i\u0161 <strong>100 % procent\u0173 nat\u016bralaus molio<\/strong>. Be joki\u0173 kvapikli\u0173 ar kvap\u0173, puikiai sugeriantis dr\u0117gm\u0119 ir i\u0161skiriantis ma\u017eai dulki\u0173, o tai padeda suma\u017einti netvark\u0105 j\u016bs\u0173 kat\u0117s vonios kambaryje.<\/p>\n","protected":false},"featured_media":31990,"template":"","meta":[],"product_cat":[35,54],"product_tag":[39,55,56,41,42,43,44,57],"class_list":{"0":"post-31946","1":"product","2":"type-product","3":"status-publish","4":"has-post-thumbnail","6":"product_cat-kraikas-katems","7":"product_cat-bentonitinis-kaciu-kraikas","8":"product_tag-39","9":"product_tag-bentonitinis","10":"product_tag-is-molio","11":"product_tag-kaciu-kraikas","12":"product_tag-katems","13":"product_tag-kraikas-katems","14":"product_tag-naturalus-kraikas","15":"product_tag-susokantis-kraikas","17":"first","18":"instock","19":"sale","20":"featured","21":"shipping-taxable","22":"purchasable","23":"product-type-simple"},"yoast_head":"<!-- This site is optimized with the Yoast SEO plugin v23.9 - https:\/\/yoast.com\/wordpress\/plugins\/seo\/ -->\n<title>BENTONITINIS SU\u0160OKANTIS KA\u010cI\u0172 KRAIKAS &quot;Wonder White Natural&quot; 5,9L \/ 5Kg., (0,5mm-2,00mm). 100% NAT\u016aRALUS KRAIKAS - Kraikai<\/title>\n<meta name=\"robots\" content=\"index, follow, max-snippet:-1, max-image-preview:large, max-video-preview:-1\" \/>\n<link rel=\"canonical\" href=\"https:\/\/kraikai.premiumspace24.com\/index.php\/product\/bentonitinis-susokantis-kaciu-kraikas-wonder-white-natural-59l-5kg-05mm-200mm-100-naturalus-kraikas\/\" \/>\n<meta property=\"og:locale\" content=\"lt_LT\" \/>\n<meta property=\"og:type\" content=\"article\" \/>\n<meta property=\"og:title\" content=\"BENTONITINIS SU\u0160OKANTIS KA\u010cI\u0172 KRAIKAS &quot;Wonder White Natural&quot; 5,9L \/ 5Kg., (0,5mm-2,00mm). 100% NAT\u016aRALUS KRAIKAS - Kraikai\" \/>\n<meta property=\"og:description\" content=\"Bentonitinis su\u0161okantis kraikas kat\u0117ms. 100% nat\u016bralaus molio ka\u010di\u0173 kraikas WONDER WHITE NATURAL Wonder White Natural \u2013 Bentonitinis su\u0161okantis ka\u010di\u0173 kraikas - Pagamintas i\u0161 100 % procent\u0173 nat\u016bralaus molio. Be joki\u0173 kvapikli\u0173 ar kvap\u0173, puikiai sugeriantis dr\u0117gm\u0119 ir i\u0161skiriantis ma\u017eai dulki\u0173, o tai padeda suma\u017einti netvark\u0105 j\u016bs\u0173 kat\u0117s vonios kambaryje.\" \/>\n<meta property=\"og:url\" content=\"https:\/\/kraikai.premiumspace24.com\/index.php\/product\/bentonitinis-susokantis-kaciu-kraikas-wonder-white-natural-59l-5kg-05mm-200mm-100-naturalus-kraikas\/\" \/>\n<meta property=\"og:site_name\" content=\"Kraikai\" \/>\n<meta property=\"article:modified_time\" content=\"2025-01-09T15:27:09+00:00\" \/>\n<meta property=\"og:image\" content=\"https:\/\/kraikai.premiumspace24.com\/wp-content\/uploads\/2024\/11\/23.jpg\" \/>\n\t<meta property=\"og:image:width\" content=\"800\" \/>\n\t<meta property=\"og:image:height\" content=\"975\" \/>\n\t<meta property=\"og:image:type\" content=\"image\/jpeg\" \/>\n<meta name=\"twitter:card\" content=\"summary_large_image\" \/>\n<meta name=\"twitter:label1\" content=\"Est. reading time\" \/>\n\t<meta name=\"twitter:data1\" content=\"1 minut\u0117\" \/>\n<script type=\"application\/ld+json\" class=\"yoast-schema-graph\">{\"@context\":\"https:\/\/schema.org\",\"@graph\":[{\"@type\":\"WebPage\",\"@id\":\"https:\/\/kraikai.premiumspace24.com\/index.php\/product\/bentonitinis-susokantis-kaciu-kraikas-wonder-white-natural-59l-5kg-05mm-200mm-100-naturalus-kraikas\/\",\"url\":\"https:\/\/kraikai.premiumspace24.com\/index.php\/product\/bentonitinis-susokantis-kaciu-kraikas-wonder-white-natural-59l-5kg-05mm-200mm-100-naturalus-kraikas\/\",\"name\":\"BENTONITINIS SU\u0160OKANTIS KA\u010cI\u0172 KRAIKAS \\\"Wonder White Natural\\\" 5,9L \/ 5Kg., (0,5mm-2,00mm). 100% NAT\u016aRALUS KRAIKAS - Kraikai\",\"isPartOf\":{\"@id\":\"https:\/\/kraikai.premiumspace24.com\/#website\"},\"primaryImageOfPage\":{\"@id\":\"https:\/\/kraikai.premiumspace24.com\/index.php\/product\/bentonitinis-susokantis-kaciu-kraikas-wonder-white-natural-59l-5kg-05mm-200mm-100-naturalus-kraikas\/#primaryimage\"},\"image\":{\"@id\":\"https:\/\/kraikai.premiumspace24.com\/index.php\/product\/bentonitinis-susokantis-kaciu-kraikas-wonder-white-natural-59l-5kg-05mm-200mm-100-naturalus-kraikas\/#primaryimage\"},\"thumbnailUrl\":\"https:\/\/kraikai.premiumspace24.com\/wp-content\/uploads\/2024\/11\/23.jpg\",\"datePublished\":\"2024-11-22T11:19:46+00:00\",\"dateModified\":\"2025-01-09T15:27:09+00:00\",\"breadcrumb\":{\"@id\":\"https:\/\/kraikai.premiumspace24.com\/index.php\/product\/bentonitinis-susokantis-kaciu-kraikas-wonder-white-natural-59l-5kg-05mm-200mm-100-naturalus-kraikas\/#breadcrumb\"},\"inLanguage\":\"lt-LT\",\"potentialAction\":[{\"@type\":\"ReadAction\",\"target\":[\"https:\/\/kraikai.premiumspace24.com\/index.php\/product\/bentonitinis-susokantis-kaciu-kraikas-wonder-white-natural-59l-5kg-05mm-200mm-100-naturalus-kraikas\/\"]}]},{\"@type\":\"ImageObject\",\"inLanguage\":\"lt-LT\",\"@id\":\"https:\/\/kraikai.premiumspace24.com\/index.php\/product\/bentonitinis-susokantis-kaciu-kraikas-wonder-white-natural-59l-5kg-05mm-200mm-100-naturalus-kraikas\/#primaryimage\",\"url\":\"https:\/\/kraikai.premiumspace24.com\/wp-content\/uploads\/2024\/11\/23.jpg\",\"contentUrl\":\"https:\/\/kraikai.premiumspace24.com\/wp-content\/uploads\/2024\/11\/23.jpg\",\"width\":800,\"height\":975},{\"@type\":\"BreadcrumbList\",\"@id\":\"https:\/\/kraikai.premiumspace24.com\/index.php\/product\/bentonitinis-susokantis-kaciu-kraikas-wonder-white-natural-59l-5kg-05mm-200mm-100-naturalus-kraikas\/#breadcrumb\",\"itemListElement\":[{\"@type\":\"ListItem\",\"position\":1,\"name\":\"Home\",\"item\":\"https:\/\/kraikai.premiumspace24.com\/\"},{\"@type\":\"ListItem\",\"position\":2,\"name\":\"Shop\",\"item\":\"https:\/\/kraikai.premiumspace24.com\/index.php\/shop\/\"},{\"@type\":\"ListItem\",\"position\":3,\"name\":\"BENTONITINIS SU\u0160OKANTIS KA\u010cI\u0172 KRAIKAS &#8222;Wonder White Natural&#8221; 5,9L \/ 5Kg., (0,5mm-2,00mm). 100% NAT\u016aRALUS KRAIKAS\"}]},{\"@type\":\"WebSite\",\"@id\":\"https:\/\/kraikai.premiumspace24.com\/#website\",\"url\":\"https:\/\/kraikai.premiumspace24.com\/\",\"name\":\"Kraikai\",\"description\":\"Ka\u010di\u0173 nat\u016bral\u016bs kraikai, \u0161un\u0173 sausas maistas, konservai\",\"potentialAction\":[{\"@type\":\"SearchAction\",\"target\":{\"@type\":\"EntryPoint\",\"urlTemplate\":\"https:\/\/kraikai.premiumspace24.com\/?s={search_term_string}\"},\"query-input\":{\"@type\":\"PropertyValueSpecification\",\"valueRequired\":true,\"valueName\":\"search_term_string\"}}],\"inLanguage\":\"lt-LT\"}]}<\/script>\n<!-- \/ Yoast SEO plugin. -->","yoast_head_json":{"title":"BENTONITINIS SU\u0160OKANTIS KA\u010cI\u0172 KRAIKAS \"Wonder White Natural\" 5,9L \/ 5Kg., (0,5mm-2,00mm). 100% NAT\u016aRALUS KRAIKAS - Kraikai","robots":{"index":"index","follow":"follow","max-snippet":"max-snippet:-1","max-image-preview":"max-image-preview:large","max-video-preview":"max-video-preview:-1"},"canonical":"https:\/\/kraikai.premiumspace24.com\/index.php\/product\/bentonitinis-susokantis-kaciu-kraikas-wonder-white-natural-59l-5kg-05mm-200mm-100-naturalus-kraikas\/","og_locale":"lt_LT","og_type":"article","og_title":"BENTONITINIS SU\u0160OKANTIS KA\u010cI\u0172 KRAIKAS \"Wonder White Natural\" 5,9L \/ 5Kg., (0,5mm-2,00mm). 100% NAT\u016aRALUS KRAIKAS - Kraikai","og_description":"Bentonitinis su\u0161okantis kraikas kat\u0117ms. 100% nat\u016bralaus molio ka\u010di\u0173 kraikas WONDER WHITE NATURAL Wonder White Natural \u2013 Bentonitinis su\u0161okantis ka\u010di\u0173 kraikas - Pagamintas i\u0161 100 % procent\u0173 nat\u016bralaus molio. Be joki\u0173 kvapikli\u0173 ar kvap\u0173, puikiai sugeriantis dr\u0117gm\u0119 ir i\u0161skiriantis ma\u017eai dulki\u0173, o tai padeda suma\u017einti netvark\u0105 j\u016bs\u0173 kat\u0117s vonios kambaryje.","og_url":"https:\/\/kraikai.premiumspace24.com\/index.php\/product\/bentonitinis-susokantis-kaciu-kraikas-wonder-white-natural-59l-5kg-05mm-200mm-100-naturalus-kraikas\/","og_site_name":"Kraikai","article_modified_time":"2025-01-09T15:27:09+00:00","og_image":[{"width":800,"height":975,"url":"https:\/\/kraikai.premiumspace24.com\/wp-content\/uploads\/2024\/11\/23.jpg","type":"image\/jpeg"}],"twitter_card":"summary_large_image","twitter_misc":{"Est. reading time":"1 minut\u0117"},"schema":{"@context":"https:\/\/schema.org","@graph":[{"@type":"WebPage","@id":"https:\/\/kraikai.premiumspace24.com\/index.php\/product\/bentonitinis-susokantis-kaciu-kraikas-wonder-white-natural-59l-5kg-05mm-200mm-100-naturalus-kraikas\/","url":"https:\/\/kraikai.premiumspace24.com\/index.php\/product\/bentonitinis-susokantis-kaciu-kraikas-wonder-white-natural-59l-5kg-05mm-200mm-100-naturalus-kraikas\/","name":"BENTONITINIS SU\u0160OKANTIS KA\u010cI\u0172 KRAIKAS \"Wonder White Natural\" 5,9L \/ 5Kg., (0,5mm-2,00mm). 100% NAT\u016aRALUS KRAIKAS - Kraikai","isPartOf":{"@id":"https:\/\/kraikai.premiumspace24.com\/#website"},"primaryImageOfPage":{"@id":"https:\/\/kraikai.premiumspace24.com\/index.php\/product\/bentonitinis-susokantis-kaciu-kraikas-wonder-white-natural-59l-5kg-05mm-200mm-100-naturalus-kraikas\/#primaryimage"},"image":{"@id":"https:\/\/kraikai.premiumspace24.com\/index.php\/product\/bentonitinis-susokantis-kaciu-kraikas-wonder-white-natural-59l-5kg-05mm-200mm-100-naturalus-kraikas\/#primaryimage"},"thumbnailUrl":"https:\/\/kraikai.premiumspace24.com\/wp-content\/uploads\/2024\/11\/23.jpg","datePublished":"2024-11-22T11:19:46+00:00","dateModified":"2025-01-09T15:27:09+00:00","breadcrumb":{"@id":"https:\/\/kraikai.premiumspace24.com\/index.php\/product\/bentonitinis-susokantis-kaciu-kraikas-wonder-white-natural-59l-5kg-05mm-200mm-100-naturalus-kraikas\/#breadcrumb"},"inLanguage":"lt-LT","potentialAction":[{"@type":"ReadAction","target":["https:\/\/kraikai.premiumspace24.com\/index.php\/product\/bentonitinis-susokantis-kaciu-kraikas-wonder-white-natural-59l-5kg-05mm-200mm-100-naturalus-kraikas\/"]}]},{"@type":"ImageObject","inLanguage":"lt-LT","@id":"https:\/\/kraikai.premiumspace24.com\/index.php\/product\/bentonitinis-susokantis-kaciu-kraikas-wonder-white-natural-59l-5kg-05mm-200mm-100-naturalus-kraikas\/#primaryimage","url":"https:\/\/kraikai.premiumspace24.com\/wp-content\/uploads\/2024\/11\/23.jpg","contentUrl":"https:\/\/kraikai.premiumspace24.com\/wp-content\/uploads\/2024\/11\/23.jpg","width":800,"height":975},{"@type":"BreadcrumbList","@id":"https:\/\/kraikai.premiumspace24.com\/index.php\/product\/bentonitinis-susokantis-kaciu-kraikas-wonder-white-natural-59l-5kg-05mm-200mm-100-naturalus-kraikas\/#breadcrumb","itemListElement":[{"@type":"ListItem","position":1,"name":"Home","item":"https:\/\/kraikai.premiumspace24.com\/"},{"@type":"ListItem","position":2,"name":"Shop","item":"https:\/\/kraikai.premiumspace24.com\/index.php\/shop\/"},{"@type":"ListItem","position":3,"name":"BENTONITINIS SU\u0160OKANTIS KA\u010cI\u0172 KRAIKAS &#8222;Wonder White Natural&#8221; 5,9L \/ 5Kg., (0,5mm-2,00mm). 100% NAT\u016aRALUS KRAIKAS"}]},{"@type":"WebSite","@id":"https:\/\/kraikai.premiumspace24.com\/#website","url":"https:\/\/kraikai.premiumspace24.com\/","name":"Kraikai","description":"Ka\u010di\u0173 nat\u016bral\u016bs kraikai, \u0161un\u0173 sausas maistas, konservai","potentialAction":[{"@type":"SearchAction","target":{"@type":"EntryPoint","urlTemplate":"https:\/\/kraikai.premiumspace24.com\/?s={search_term_string}"},"query-input":{"@type":"PropertyValueSpecification","valueRequired":true,"valueName":"search_term_string"}}],"inLanguage":"lt-LT"}]}},"_links":{"self":[{"href":"https:\/\/kraikai.premiumspace24.com\/index.php\/wp-json\/wp\/v2\/product\/31946","targetHints":{"allow":["GET"]}}],"collection":[{"href":"https:\/\/kraikai.premiumspace24.com\/index.php\/wp-json\/wp\/v2\/product"}],"about":[{"href":"https:\/\/kraikai.premiumspace24.com\/index.php\/wp-json\/wp\/v2\/types\/product"}],"wp:featuredmedia":[{"embeddable":true,"href":"https:\/\/kraikai.premiumspace24.com\/index.php\/wp-json\/wp\/v2\/media\/31990"}],"wp:attachment":[{"href":"https:\/\/kraikai.premiumspace24.com\/index.php\/wp-json\/wp\/v2\/media?parent=31946"}],"wp:term":[{"taxonomy":"product_cat","embeddable":true,"href":"https:\/\/kraikai.premiumspace24.com\/index.php\/wp-json\/wp\/v2\/product_cat?post=31946"},{"taxonomy":"product_tag","embeddable":true,"href":"https:\/\/kraikai.premiumspace24.com\/index.php\/wp-json\/wp\/v2\/product_tag?post=31946"}],"curies":[{"name":"wp","href":"https:\/\/api.w.org\/{rel}","templated":true}]}}