{"id":31941,"date":"2024-11-22T11:19:46","date_gmt":"2024-11-22T11:19:46","guid":{"rendered":"https:\/\/kraikai.premiumspace24.com\/?post_type=product&#038;p=31941"},"modified":"2024-11-22T11:20:05","modified_gmt":"2024-11-22T11:20:05","slug":"kaciu-kraikas-tofu-pai-duo-ke-6l-25kg-levandu-kvapo-100-naturalus-kraikas","status":"publish","type":"product","link":"https:\/\/kraikai.premiumspace24.com\/index.php\/product\/kaciu-kraikas-tofu-pai-duo-ke-6l-25kg-levandu-kvapo-100-naturalus-kraikas\/","title":{"rendered":"KA\u010cI\u0172 KRAIKAS &#8222;TOFU PAI DUO KE&#8221;-6L\/2,5Kg., (levand\u0173 kvapo) 100% NAT\u016aRALUS KRAIKAS"},"content":{"rendered":"<h3>Levand\u0173 kvapo ka\u010di\u0173 kraiko &#8222;TOFU PAI DUO KE&#8221; apra\u0161ymas<\/h3>\n<p><span lang=\"lt-LT\"><b>G<\/b><\/span><span lang=\"lt-LT\"><b>rynasis kiekis:<\/b><\/span><span lang=\"lt-LT\">\u00a06L \/ 2,5Kg., 2,0 mm granuli\u0173, ka\u010di\u0173 kraikas yra pagamintas i\u0161 maistini\u0173 \u017ealiav\u0173, naudojant pa\u017eangias technologijas. Jis neturi antrin\u0117s tar\u0161os ir gali b\u016bti tiesiogiai nuleid\u017eiamas \u012f klozet\u0105.<br \/>\n<\/span><span lang=\"lt-LT\"><b>Skirtas:<\/b><\/span><span lang=\"lt-LT\">\u00a0\u012evairaus am\u017eiaus ir \u012fvairi\u0173 veisli\u0173 kat\u0117ms, tinka ir jautrioms kat\u0117ms, saugus, nesukeliantis alergijos. Su puikiu kvapo neutralizavimo, greitesniu vandens sug\u0117rimu ir netoksi\u0161ko aplinkos apsaugos ka\u010di\u0173 kraiko aglomeracija.<br \/>\n<\/span><span lang=\"lt-LT\"><b>Privalumai:<\/b><\/span><span lang=\"lt-LT\">\u00a0greitas ir stiprus sug\u0117rimas, greitas \u012fsisavinimas, 100% nat\u016bralus, saugus ir sveikas, be dulki\u0173, ilgalaikis kvap\u0173 kontrolei, nuleid\u017eiamas \u012f klozet\u0105, neprilimpantis prie kat\u0117s leten\u0117li\u0173.<br \/>\n<\/span><span lang=\"lt-LT\"><b>Naudojimas:<\/b><\/span><span lang=\"lt-LT\">\u00a0\u012epilkite kraik\u0105 \u012f \u0161var\u0173 kat\u0117s tualet\u0105, 2-4cm sluoksnio storio \u201eTOFU\u201c kraiko. Panaudot\u0105 \u201eTOFU\u201c kraik\u0105 pa\u0161alinkite \/ pakeiskite i\u0161 kat\u0117s tualeto d\u0117\u017eut\u0117s kiekvien\u0105 diena arba pagal poreik\u012f. Panaudot\u0105 \u201eTOFU\u201c kraik\u0105 galite nuleisti \u012f klozet\u0105.<\/span><\/p>\n<p><span lang=\"lt-LT\"><b>Pagaminta:<\/b><\/span><span lang=\"lt-LT\"> Kinijoje.<\/span><\/p>\n","protected":false},"excerpt":{"rendered":"<h3>Kraikas kat\u0117ms. 100% nat\u016bralus ka\u010di\u0173 kraikas <span lang=\"lt-LT\"><b>TOFU PAI DUO KE<\/b><\/span><\/h3>\n<p><span lang=\"lt-LT\"><b>TOFU PAI DUO KE<\/b><\/span> \u2013 pagamintas i\u0161 <strong>100% nat\u016brali\u0173 maistini\u0173 \u017ealiav\u0173. <\/strong><span lang=\"lt-LT\">2,0 mm granuli\u0173, ka\u010di\u0173 kraikas yra pagamintas naudojant pa\u017eangias technologijas. Jis neturi antrin\u0117s tar\u0161os ir gali b\u016bti tiesiogiai nuleid\u017eiamas \u012f klozet\u0105.<\/span><\/p>\n<p><strong>TOFU ka\u010di\u0173 kraikas<\/strong> g<span lang=\"lt-LT\">reitas ir stiprus sug\u0117rimas, greitas \u012fsisavinimas, 100% nat\u016bralus, saugus ir sveikas, be dulki\u0173, ilgalaikis kvap\u0173 kontrolei, nuleid\u017eiamas \u012f klozet\u0105, neprilimpantis prie kat\u0117s leten\u0117li\u0173.<\/span><\/p>\n","protected":false},"featured_media":31955,"template":"","meta":[],"product_cat":[35,52],"product_tag":[39,41,42,43,44,45,53],"class_list":{"0":"post-31941","1":"product","2":"type-product","3":"status-publish","4":"has-post-thumbnail","6":"product_cat-kraikas-katems","7":"product_cat-kaciu-kraikas-paiduoke","8":"product_tag-39","9":"product_tag-kaciu-kraikas","10":"product_tag-katems","11":"product_tag-kraikas-katems","12":"product_tag-naturalus-kraikas","13":"product_tag-tofu","14":"product_tag-tofu-pai-duo-ke","16":"first","17":"outofstock","18":"sale","19":"featured","20":"shipping-taxable","21":"purchasable","22":"product-type-simple"},"yoast_head":"<!-- This site is optimized with the Yoast SEO plugin v23.9 - https:\/\/yoast.com\/wordpress\/plugins\/seo\/ -->\n<title>KA\u010cI\u0172 KRAIKAS &quot;TOFU PAI DUO KE&quot;-6L\/2,5Kg., (levand\u0173 kvapo) 100% NAT\u016aRALUS KRAIKAS - Kraikai<\/title>\n<meta name=\"robots\" content=\"index, follow, max-snippet:-1, max-image-preview:large, max-video-preview:-1\" \/>\n<link rel=\"canonical\" href=\"https:\/\/kraikai.premiumspace24.com\/index.php\/product\/kaciu-kraikas-tofu-pai-duo-ke-6l-25kg-levandu-kvapo-100-naturalus-kraikas\/\" \/>\n<meta property=\"og:locale\" content=\"lt_LT\" \/>\n<meta property=\"og:type\" content=\"article\" \/>\n<meta property=\"og:title\" content=\"KA\u010cI\u0172 KRAIKAS &quot;TOFU PAI DUO KE&quot;-6L\/2,5Kg., (levand\u0173 kvapo) 100% NAT\u016aRALUS KRAIKAS - Kraikai\" \/>\n<meta property=\"og:description\" content=\"Kraikas kat\u0117ms. 100% nat\u016bralus ka\u010di\u0173 kraikas TOFU PAI DUO KE TOFU PAI DUO KE \u2013 pagamintas i\u0161 100% nat\u016brali\u0173 maistini\u0173 \u017ealiav\u0173. 2,0 mm granuli\u0173, ka\u010di\u0173 kraikas yra pagamintas naudojant pa\u017eangias technologijas. Jis neturi antrin\u0117s tar\u0161os ir gali b\u016bti tiesiogiai nuleid\u017eiamas \u012f klozet\u0105.  TOFU ka\u010di\u0173 kraikas greitas ir stiprus sug\u0117rimas, greitas \u012fsisavinimas, 100% nat\u016bralus, saugus ir sveikas, be dulki\u0173, ilgalaikis kvap\u0173 kontrolei, nuleid\u017eiamas \u012f klozet\u0105, neprilimpantis prie kat\u0117s leten\u0117li\u0173.\" \/>\n<meta property=\"og:url\" content=\"https:\/\/kraikai.premiumspace24.com\/index.php\/product\/kaciu-kraikas-tofu-pai-duo-ke-6l-25kg-levandu-kvapo-100-naturalus-kraikas\/\" \/>\n<meta property=\"og:site_name\" content=\"Kraikai\" \/>\n<meta property=\"article:modified_time\" content=\"2024-11-22T11:20:05+00:00\" \/>\n<meta property=\"og:image\" content=\"https:\/\/kraikai.premiumspace24.com\/wp-content\/uploads\/2024\/11\/14.jpg\" \/>\n\t<meta property=\"og:image:width\" content=\"800\" \/>\n\t<meta property=\"og:image:height\" content=\"975\" \/>\n\t<meta property=\"og:image:type\" content=\"image\/jpeg\" \/>\n<meta name=\"twitter:card\" content=\"summary_large_image\" \/>\n<meta name=\"twitter:label1\" content=\"Est. reading time\" \/>\n\t<meta name=\"twitter:data1\" content=\"1 minut\u0117\" \/>\n<script type=\"application\/ld+json\" class=\"yoast-schema-graph\">{\"@context\":\"https:\/\/schema.org\",\"@graph\":[{\"@type\":\"WebPage\",\"@id\":\"https:\/\/kraikai.premiumspace24.com\/index.php\/product\/kaciu-kraikas-tofu-pai-duo-ke-6l-25kg-levandu-kvapo-100-naturalus-kraikas\/\",\"url\":\"https:\/\/kraikai.premiumspace24.com\/index.php\/product\/kaciu-kraikas-tofu-pai-duo-ke-6l-25kg-levandu-kvapo-100-naturalus-kraikas\/\",\"name\":\"KA\u010cI\u0172 KRAIKAS \\\"TOFU PAI DUO KE\\\"-6L\/2,5Kg., (levand\u0173 kvapo) 100% NAT\u016aRALUS KRAIKAS - Kraikai\",\"isPartOf\":{\"@id\":\"https:\/\/kraikai.premiumspace24.com\/#website\"},\"primaryImageOfPage\":{\"@id\":\"https:\/\/kraikai.premiumspace24.com\/index.php\/product\/kaciu-kraikas-tofu-pai-duo-ke-6l-25kg-levandu-kvapo-100-naturalus-kraikas\/#primaryimage\"},\"image\":{\"@id\":\"https:\/\/kraikai.premiumspace24.com\/index.php\/product\/kaciu-kraikas-tofu-pai-duo-ke-6l-25kg-levandu-kvapo-100-naturalus-kraikas\/#primaryimage\"},\"thumbnailUrl\":\"https:\/\/kraikai.premiumspace24.com\/wp-content\/uploads\/2024\/11\/14.jpg\",\"datePublished\":\"2024-11-22T11:19:46+00:00\",\"dateModified\":\"2024-11-22T11:20:05+00:00\",\"breadcrumb\":{\"@id\":\"https:\/\/kraikai.premiumspace24.com\/index.php\/product\/kaciu-kraikas-tofu-pai-duo-ke-6l-25kg-levandu-kvapo-100-naturalus-kraikas\/#breadcrumb\"},\"inLanguage\":\"lt-LT\",\"potentialAction\":[{\"@type\":\"ReadAction\",\"target\":[\"https:\/\/kraikai.premiumspace24.com\/index.php\/product\/kaciu-kraikas-tofu-pai-duo-ke-6l-25kg-levandu-kvapo-100-naturalus-kraikas\/\"]}]},{\"@type\":\"ImageObject\",\"inLanguage\":\"lt-LT\",\"@id\":\"https:\/\/kraikai.premiumspace24.com\/index.php\/product\/kaciu-kraikas-tofu-pai-duo-ke-6l-25kg-levandu-kvapo-100-naturalus-kraikas\/#primaryimage\",\"url\":\"https:\/\/kraikai.premiumspace24.com\/wp-content\/uploads\/2024\/11\/14.jpg\",\"contentUrl\":\"https:\/\/kraikai.premiumspace24.com\/wp-content\/uploads\/2024\/11\/14.jpg\",\"width\":800,\"height\":975},{\"@type\":\"BreadcrumbList\",\"@id\":\"https:\/\/kraikai.premiumspace24.com\/index.php\/product\/kaciu-kraikas-tofu-pai-duo-ke-6l-25kg-levandu-kvapo-100-naturalus-kraikas\/#breadcrumb\",\"itemListElement\":[{\"@type\":\"ListItem\",\"position\":1,\"name\":\"Home\",\"item\":\"https:\/\/kraikai.premiumspace24.com\/\"},{\"@type\":\"ListItem\",\"position\":2,\"name\":\"Shop\",\"item\":\"https:\/\/kraikai.premiumspace24.com\/index.php\/shop\/\"},{\"@type\":\"ListItem\",\"position\":3,\"name\":\"KA\u010cI\u0172 KRAIKAS &#8222;TOFU PAI DUO KE&#8221;-6L\/2,5Kg., (levand\u0173 kvapo) 100% NAT\u016aRALUS KRAIKAS\"}]},{\"@type\":\"WebSite\",\"@id\":\"https:\/\/kraikai.premiumspace24.com\/#website\",\"url\":\"https:\/\/kraikai.premiumspace24.com\/\",\"name\":\"Kraikai\",\"description\":\"Ka\u010di\u0173 nat\u016bral\u016bs kraikai, \u0161un\u0173 sausas maistas, konservai\",\"potentialAction\":[{\"@type\":\"SearchAction\",\"target\":{\"@type\":\"EntryPoint\",\"urlTemplate\":\"https:\/\/kraikai.premiumspace24.com\/?s={search_term_string}\"},\"query-input\":{\"@type\":\"PropertyValueSpecification\",\"valueRequired\":true,\"valueName\":\"search_term_string\"}}],\"inLanguage\":\"lt-LT\"}]}<\/script>\n<!-- \/ Yoast SEO plugin. -->","yoast_head_json":{"title":"KA\u010cI\u0172 KRAIKAS \"TOFU PAI DUO KE\"-6L\/2,5Kg., (levand\u0173 kvapo) 100% NAT\u016aRALUS KRAIKAS - Kraikai","robots":{"index":"index","follow":"follow","max-snippet":"max-snippet:-1","max-image-preview":"max-image-preview:large","max-video-preview":"max-video-preview:-1"},"canonical":"https:\/\/kraikai.premiumspace24.com\/index.php\/product\/kaciu-kraikas-tofu-pai-duo-ke-6l-25kg-levandu-kvapo-100-naturalus-kraikas\/","og_locale":"lt_LT","og_type":"article","og_title":"KA\u010cI\u0172 KRAIKAS \"TOFU PAI DUO KE\"-6L\/2,5Kg., (levand\u0173 kvapo) 100% NAT\u016aRALUS KRAIKAS - Kraikai","og_description":"Kraikas kat\u0117ms. 100% nat\u016bralus ka\u010di\u0173 kraikas TOFU PAI DUO KE TOFU PAI DUO KE \u2013 pagamintas i\u0161 100% nat\u016brali\u0173 maistini\u0173 \u017ealiav\u0173. 2,0 mm granuli\u0173, ka\u010di\u0173 kraikas yra pagamintas naudojant pa\u017eangias technologijas. Jis neturi antrin\u0117s tar\u0161os ir gali b\u016bti tiesiogiai nuleid\u017eiamas \u012f klozet\u0105.  TOFU ka\u010di\u0173 kraikas greitas ir stiprus sug\u0117rimas, greitas \u012fsisavinimas, 100% nat\u016bralus, saugus ir sveikas, be dulki\u0173, ilgalaikis kvap\u0173 kontrolei, nuleid\u017eiamas \u012f klozet\u0105, neprilimpantis prie kat\u0117s leten\u0117li\u0173.","og_url":"https:\/\/kraikai.premiumspace24.com\/index.php\/product\/kaciu-kraikas-tofu-pai-duo-ke-6l-25kg-levandu-kvapo-100-naturalus-kraikas\/","og_site_name":"Kraikai","article_modified_time":"2024-11-22T11:20:05+00:00","og_image":[{"width":800,"height":975,"url":"https:\/\/kraikai.premiumspace24.com\/wp-content\/uploads\/2024\/11\/14.jpg","type":"image\/jpeg"}],"twitter_card":"summary_large_image","twitter_misc":{"Est. reading time":"1 minut\u0117"},"schema":{"@context":"https:\/\/schema.org","@graph":[{"@type":"WebPage","@id":"https:\/\/kraikai.premiumspace24.com\/index.php\/product\/kaciu-kraikas-tofu-pai-duo-ke-6l-25kg-levandu-kvapo-100-naturalus-kraikas\/","url":"https:\/\/kraikai.premiumspace24.com\/index.php\/product\/kaciu-kraikas-tofu-pai-duo-ke-6l-25kg-levandu-kvapo-100-naturalus-kraikas\/","name":"KA\u010cI\u0172 KRAIKAS \"TOFU PAI DUO KE\"-6L\/2,5Kg., (levand\u0173 kvapo) 100% NAT\u016aRALUS KRAIKAS - Kraikai","isPartOf":{"@id":"https:\/\/kraikai.premiumspace24.com\/#website"},"primaryImageOfPage":{"@id":"https:\/\/kraikai.premiumspace24.com\/index.php\/product\/kaciu-kraikas-tofu-pai-duo-ke-6l-25kg-levandu-kvapo-100-naturalus-kraikas\/#primaryimage"},"image":{"@id":"https:\/\/kraikai.premiumspace24.com\/index.php\/product\/kaciu-kraikas-tofu-pai-duo-ke-6l-25kg-levandu-kvapo-100-naturalus-kraikas\/#primaryimage"},"thumbnailUrl":"https:\/\/kraikai.premiumspace24.com\/wp-content\/uploads\/2024\/11\/14.jpg","datePublished":"2024-11-22T11:19:46+00:00","dateModified":"2024-11-22T11:20:05+00:00","breadcrumb":{"@id":"https:\/\/kraikai.premiumspace24.com\/index.php\/product\/kaciu-kraikas-tofu-pai-duo-ke-6l-25kg-levandu-kvapo-100-naturalus-kraikas\/#breadcrumb"},"inLanguage":"lt-LT","potentialAction":[{"@type":"ReadAction","target":["https:\/\/kraikai.premiumspace24.com\/index.php\/product\/kaciu-kraikas-tofu-pai-duo-ke-6l-25kg-levandu-kvapo-100-naturalus-kraikas\/"]}]},{"@type":"ImageObject","inLanguage":"lt-LT","@id":"https:\/\/kraikai.premiumspace24.com\/index.php\/product\/kaciu-kraikas-tofu-pai-duo-ke-6l-25kg-levandu-kvapo-100-naturalus-kraikas\/#primaryimage","url":"https:\/\/kraikai.premiumspace24.com\/wp-content\/uploads\/2024\/11\/14.jpg","contentUrl":"https:\/\/kraikai.premiumspace24.com\/wp-content\/uploads\/2024\/11\/14.jpg","width":800,"height":975},{"@type":"BreadcrumbList","@id":"https:\/\/kraikai.premiumspace24.com\/index.php\/product\/kaciu-kraikas-tofu-pai-duo-ke-6l-25kg-levandu-kvapo-100-naturalus-kraikas\/#breadcrumb","itemListElement":[{"@type":"ListItem","position":1,"name":"Home","item":"https:\/\/kraikai.premiumspace24.com\/"},{"@type":"ListItem","position":2,"name":"Shop","item":"https:\/\/kraikai.premiumspace24.com\/index.php\/shop\/"},{"@type":"ListItem","position":3,"name":"KA\u010cI\u0172 KRAIKAS &#8222;TOFU PAI DUO KE&#8221;-6L\/2,5Kg., (levand\u0173 kvapo) 100% NAT\u016aRALUS KRAIKAS"}]},{"@type":"WebSite","@id":"https:\/\/kraikai.premiumspace24.com\/#website","url":"https:\/\/kraikai.premiumspace24.com\/","name":"Kraikai","description":"Ka\u010di\u0173 nat\u016bral\u016bs kraikai, \u0161un\u0173 sausas maistas, konservai","potentialAction":[{"@type":"SearchAction","target":{"@type":"EntryPoint","urlTemplate":"https:\/\/kraikai.premiumspace24.com\/?s={search_term_string}"},"query-input":{"@type":"PropertyValueSpecification","valueRequired":true,"valueName":"search_term_string"}}],"inLanguage":"lt-LT"}]}},"_links":{"self":[{"href":"https:\/\/kraikai.premiumspace24.com\/index.php\/wp-json\/wp\/v2\/product\/31941","targetHints":{"allow":["GET"]}}],"collection":[{"href":"https:\/\/kraikai.premiumspace24.com\/index.php\/wp-json\/wp\/v2\/product"}],"about":[{"href":"https:\/\/kraikai.premiumspace24.com\/index.php\/wp-json\/wp\/v2\/types\/product"}],"wp:featuredmedia":[{"embeddable":true,"href":"https:\/\/kraikai.premiumspace24.com\/index.php\/wp-json\/wp\/v2\/media\/31955"}],"wp:attachment":[{"href":"https:\/\/kraikai.premiumspace24.com\/index.php\/wp-json\/wp\/v2\/media?parent=31941"}],"wp:term":[{"taxonomy":"product_cat","embeddable":true,"href":"https:\/\/kraikai.premiumspace24.com\/index.php\/wp-json\/wp\/v2\/product_cat?post=31941"},{"taxonomy":"product_tag","embeddable":true,"href":"https:\/\/kraikai.premiumspace24.com\/index.php\/wp-json\/wp\/v2\/product_tag?post=31941"}],"curies":[{"name":"wp","href":"https:\/\/api.w.org\/{rel}","templated":true}]}}