{"id":31940,"date":"2024-11-22T11:19:46","date_gmt":"2024-11-22T11:19:46","guid":{"rendered":"https:\/\/kraikai.premiumspace24.com\/?post_type=product&#038;p=31940"},"modified":"2024-12-19T14:09:30","modified_gmt":"2024-12-19T14:09:30","slug":"vienkartines-palutes-sunims-m-45x60cm-50vnt-paklotai-suniukams","status":"publish","type":"product","link":"https:\/\/kraikai.premiumspace24.com\/index.php\/product\/vienkartines-palutes-sunims-m-45x60cm-50vnt-paklotai-suniukams\/","title":{"rendered":"VIENKARTIN\u0116S PALUT\u0116S \u0160UNIMS M 45x60cm\/50vnt (paklotai \u0161uniukams)"},"content":{"rendered":"<h3>Vienkartini\u0173 ka\u010di\u0173 palu\u010di\u0173 M apra\u0161ymas<\/h3>\n<p>\u0160ios vienkartin\u0117s palut\u0117s skirtos \u0161unims, \u0161uniukams.<br \/>\nJas ypa\u010d patogu naudoti pratinant \u0161uniuk\u0105 atlikti reikalus tinkamoje vietoje.<br \/>\nVienkartinio naudojimo.<br \/>\nGreitai sugeria dr\u0117gm\u0119.<br \/>\nJ\u016bs\u0173 augintinio leten\u0117l\u0117s liks sausos ir \u0161varios.<\/p>\n","protected":false},"excerpt":{"rendered":"<h3>Vienkartin\u0117s \u0161un\u0173 (\u0161uniuk\u0173) palut\u0117s 45x60cm.<\/h3>\n<p>\u0160ios vienkartin\u0117s palut\u0117s skirtos \u0161unims, \u0161uniukams.<br \/>\nJas ypa\u010d patogu naudoti pratinant \u0161uniuk\u0105 atlikti reikalus tinkamoje vietoje.<\/p>\n<ul>\n<li>Vienkartinio naudojimo.<\/li>\n<li>Greitai sugeria dr\u0117gm\u0119.<\/li>\n<\/ul>\n<p>J\u016bs\u0173 augintinio leten\u0117l\u0117s liks sausos ir \u0161varios.<\/p>\n","protected":false},"featured_media":31985,"template":"","meta":[],"product_cat":[91,46],"product_tag":[48,49,36,50],"class_list":{"0":"post-31940","1":"product","2":"type-product","3":"status-publish","4":"has-post-thumbnail","6":"product_cat-palutes-katems","7":"product_cat-sunims","8":"product_tag-paklotai","9":"product_tag-palutes","10":"product_tag-sunims","11":"product_tag-suniukams","13":"first","14":"instock","15":"sale","16":"featured","17":"shipping-taxable","18":"purchasable","19":"product-type-simple"},"yoast_head":"<!-- This site is optimized with the Yoast SEO plugin v23.9 - https:\/\/yoast.com\/wordpress\/plugins\/seo\/ -->\n<title>VIENKARTIN\u0116S PALUT\u0116S \u0160UNIMS M 45x60cm\/50vnt (paklotai \u0161uniukams) - Kraikai<\/title>\n<meta name=\"robots\" content=\"index, follow, max-snippet:-1, max-image-preview:large, max-video-preview:-1\" \/>\n<link rel=\"canonical\" href=\"https:\/\/kraikai.premiumspace24.com\/index.php\/product\/vienkartines-palutes-sunims-m-45x60cm-50vnt-paklotai-suniukams\/\" \/>\n<meta property=\"og:locale\" content=\"lt_LT\" \/>\n<meta property=\"og:type\" content=\"article\" \/>\n<meta property=\"og:title\" content=\"VIENKARTIN\u0116S PALUT\u0116S \u0160UNIMS M 45x60cm\/50vnt (paklotai \u0161uniukams) - Kraikai\" \/>\n<meta property=\"og:description\" content=\"Vienkartin\u0117s \u0161un\u0173 (\u0161uniuk\u0173) palut\u0117s 45x60cm. \u0160ios vienkartin\u0117s palut\u0117s skirtos \u0161unims, \u0161uniukams. Jas ypa\u010d patogu naudoti pratinant \u0161uniuk\u0105 atlikti reikalus tinkamoje vietoje.   Vienkartinio naudojimo.  Greitai sugeria dr\u0117gm\u0119.  J\u016bs\u0173 augintinio leten\u0117l\u0117s liks sausos ir \u0161varios.\" \/>\n<meta property=\"og:url\" content=\"https:\/\/kraikai.premiumspace24.com\/index.php\/product\/vienkartines-palutes-sunims-m-45x60cm-50vnt-paklotai-suniukams\/\" \/>\n<meta property=\"og:site_name\" content=\"Kraikai\" \/>\n<meta property=\"article:modified_time\" content=\"2024-12-19T14:09:30+00:00\" \/>\n<meta property=\"og:image\" content=\"https:\/\/kraikai.premiumspace24.com\/wp-content\/uploads\/2024\/11\/27.jpg\" \/>\n\t<meta property=\"og:image:width\" content=\"800\" \/>\n\t<meta property=\"og:image:height\" content=\"975\" \/>\n\t<meta property=\"og:image:type\" content=\"image\/jpeg\" \/>\n<meta name=\"twitter:card\" content=\"summary_large_image\" \/>\n<meta name=\"twitter:label1\" content=\"Est. reading time\" \/>\n\t<meta name=\"twitter:data1\" content=\"1 minut\u0117\" \/>\n<script type=\"application\/ld+json\" class=\"yoast-schema-graph\">{\"@context\":\"https:\/\/schema.org\",\"@graph\":[{\"@type\":\"WebPage\",\"@id\":\"https:\/\/kraikai.premiumspace24.com\/index.php\/product\/vienkartines-palutes-sunims-m-45x60cm-50vnt-paklotai-suniukams\/\",\"url\":\"https:\/\/kraikai.premiumspace24.com\/index.php\/product\/vienkartines-palutes-sunims-m-45x60cm-50vnt-paklotai-suniukams\/\",\"name\":\"VIENKARTIN\u0116S PALUT\u0116S \u0160UNIMS M 45x60cm\/50vnt (paklotai \u0161uniukams) - Kraikai\",\"isPartOf\":{\"@id\":\"https:\/\/kraikai.premiumspace24.com\/#website\"},\"primaryImageOfPage\":{\"@id\":\"https:\/\/kraikai.premiumspace24.com\/index.php\/product\/vienkartines-palutes-sunims-m-45x60cm-50vnt-paklotai-suniukams\/#primaryimage\"},\"image\":{\"@id\":\"https:\/\/kraikai.premiumspace24.com\/index.php\/product\/vienkartines-palutes-sunims-m-45x60cm-50vnt-paklotai-suniukams\/#primaryimage\"},\"thumbnailUrl\":\"https:\/\/kraikai.premiumspace24.com\/wp-content\/uploads\/2024\/11\/27.jpg\",\"datePublished\":\"2024-11-22T11:19:46+00:00\",\"dateModified\":\"2024-12-19T14:09:30+00:00\",\"breadcrumb\":{\"@id\":\"https:\/\/kraikai.premiumspace24.com\/index.php\/product\/vienkartines-palutes-sunims-m-45x60cm-50vnt-paklotai-suniukams\/#breadcrumb\"},\"inLanguage\":\"lt-LT\",\"potentialAction\":[{\"@type\":\"ReadAction\",\"target\":[\"https:\/\/kraikai.premiumspace24.com\/index.php\/product\/vienkartines-palutes-sunims-m-45x60cm-50vnt-paklotai-suniukams\/\"]}]},{\"@type\":\"ImageObject\",\"inLanguage\":\"lt-LT\",\"@id\":\"https:\/\/kraikai.premiumspace24.com\/index.php\/product\/vienkartines-palutes-sunims-m-45x60cm-50vnt-paklotai-suniukams\/#primaryimage\",\"url\":\"https:\/\/kraikai.premiumspace24.com\/wp-content\/uploads\/2024\/11\/27.jpg\",\"contentUrl\":\"https:\/\/kraikai.premiumspace24.com\/wp-content\/uploads\/2024\/11\/27.jpg\",\"width\":800,\"height\":975},{\"@type\":\"BreadcrumbList\",\"@id\":\"https:\/\/kraikai.premiumspace24.com\/index.php\/product\/vienkartines-palutes-sunims-m-45x60cm-50vnt-paklotai-suniukams\/#breadcrumb\",\"itemListElement\":[{\"@type\":\"ListItem\",\"position\":1,\"name\":\"Home\",\"item\":\"https:\/\/kraikai.premiumspace24.com\/\"},{\"@type\":\"ListItem\",\"position\":2,\"name\":\"Shop\",\"item\":\"https:\/\/kraikai.premiumspace24.com\/index.php\/shop\/\"},{\"@type\":\"ListItem\",\"position\":3,\"name\":\"VIENKARTIN\u0116S PALUT\u0116S \u0160UNIMS M 45x60cm\/50vnt (paklotai \u0161uniukams)\"}]},{\"@type\":\"WebSite\",\"@id\":\"https:\/\/kraikai.premiumspace24.com\/#website\",\"url\":\"https:\/\/kraikai.premiumspace24.com\/\",\"name\":\"Kraikai\",\"description\":\"Ka\u010di\u0173 nat\u016bral\u016bs kraikai, \u0161un\u0173 sausas maistas, konservai\",\"potentialAction\":[{\"@type\":\"SearchAction\",\"target\":{\"@type\":\"EntryPoint\",\"urlTemplate\":\"https:\/\/kraikai.premiumspace24.com\/?s={search_term_string}\"},\"query-input\":{\"@type\":\"PropertyValueSpecification\",\"valueRequired\":true,\"valueName\":\"search_term_string\"}}],\"inLanguage\":\"lt-LT\"}]}<\/script>\n<!-- \/ Yoast SEO plugin. -->","yoast_head_json":{"title":"VIENKARTIN\u0116S PALUT\u0116S \u0160UNIMS M 45x60cm\/50vnt (paklotai \u0161uniukams) - Kraikai","robots":{"index":"index","follow":"follow","max-snippet":"max-snippet:-1","max-image-preview":"max-image-preview:large","max-video-preview":"max-video-preview:-1"},"canonical":"https:\/\/kraikai.premiumspace24.com\/index.php\/product\/vienkartines-palutes-sunims-m-45x60cm-50vnt-paklotai-suniukams\/","og_locale":"lt_LT","og_type":"article","og_title":"VIENKARTIN\u0116S PALUT\u0116S \u0160UNIMS M 45x60cm\/50vnt (paklotai \u0161uniukams) - Kraikai","og_description":"Vienkartin\u0117s \u0161un\u0173 (\u0161uniuk\u0173) palut\u0117s 45x60cm. \u0160ios vienkartin\u0117s palut\u0117s skirtos \u0161unims, \u0161uniukams. Jas ypa\u010d patogu naudoti pratinant \u0161uniuk\u0105 atlikti reikalus tinkamoje vietoje.   Vienkartinio naudojimo.  Greitai sugeria dr\u0117gm\u0119.  J\u016bs\u0173 augintinio leten\u0117l\u0117s liks sausos ir \u0161varios.","og_url":"https:\/\/kraikai.premiumspace24.com\/index.php\/product\/vienkartines-palutes-sunims-m-45x60cm-50vnt-paklotai-suniukams\/","og_site_name":"Kraikai","article_modified_time":"2024-12-19T14:09:30+00:00","og_image":[{"width":800,"height":975,"url":"https:\/\/kraikai.premiumspace24.com\/wp-content\/uploads\/2024\/11\/27.jpg","type":"image\/jpeg"}],"twitter_card":"summary_large_image","twitter_misc":{"Est. reading time":"1 minut\u0117"},"schema":{"@context":"https:\/\/schema.org","@graph":[{"@type":"WebPage","@id":"https:\/\/kraikai.premiumspace24.com\/index.php\/product\/vienkartines-palutes-sunims-m-45x60cm-50vnt-paklotai-suniukams\/","url":"https:\/\/kraikai.premiumspace24.com\/index.php\/product\/vienkartines-palutes-sunims-m-45x60cm-50vnt-paklotai-suniukams\/","name":"VIENKARTIN\u0116S PALUT\u0116S \u0160UNIMS M 45x60cm\/50vnt (paklotai \u0161uniukams) - Kraikai","isPartOf":{"@id":"https:\/\/kraikai.premiumspace24.com\/#website"},"primaryImageOfPage":{"@id":"https:\/\/kraikai.premiumspace24.com\/index.php\/product\/vienkartines-palutes-sunims-m-45x60cm-50vnt-paklotai-suniukams\/#primaryimage"},"image":{"@id":"https:\/\/kraikai.premiumspace24.com\/index.php\/product\/vienkartines-palutes-sunims-m-45x60cm-50vnt-paklotai-suniukams\/#primaryimage"},"thumbnailUrl":"https:\/\/kraikai.premiumspace24.com\/wp-content\/uploads\/2024\/11\/27.jpg","datePublished":"2024-11-22T11:19:46+00:00","dateModified":"2024-12-19T14:09:30+00:00","breadcrumb":{"@id":"https:\/\/kraikai.premiumspace24.com\/index.php\/product\/vienkartines-palutes-sunims-m-45x60cm-50vnt-paklotai-suniukams\/#breadcrumb"},"inLanguage":"lt-LT","potentialAction":[{"@type":"ReadAction","target":["https:\/\/kraikai.premiumspace24.com\/index.php\/product\/vienkartines-palutes-sunims-m-45x60cm-50vnt-paklotai-suniukams\/"]}]},{"@type":"ImageObject","inLanguage":"lt-LT","@id":"https:\/\/kraikai.premiumspace24.com\/index.php\/product\/vienkartines-palutes-sunims-m-45x60cm-50vnt-paklotai-suniukams\/#primaryimage","url":"https:\/\/kraikai.premiumspace24.com\/wp-content\/uploads\/2024\/11\/27.jpg","contentUrl":"https:\/\/kraikai.premiumspace24.com\/wp-content\/uploads\/2024\/11\/27.jpg","width":800,"height":975},{"@type":"BreadcrumbList","@id":"https:\/\/kraikai.premiumspace24.com\/index.php\/product\/vienkartines-palutes-sunims-m-45x60cm-50vnt-paklotai-suniukams\/#breadcrumb","itemListElement":[{"@type":"ListItem","position":1,"name":"Home","item":"https:\/\/kraikai.premiumspace24.com\/"},{"@type":"ListItem","position":2,"name":"Shop","item":"https:\/\/kraikai.premiumspace24.com\/index.php\/shop\/"},{"@type":"ListItem","position":3,"name":"VIENKARTIN\u0116S PALUT\u0116S \u0160UNIMS M 45x60cm\/50vnt (paklotai \u0161uniukams)"}]},{"@type":"WebSite","@id":"https:\/\/kraikai.premiumspace24.com\/#website","url":"https:\/\/kraikai.premiumspace24.com\/","name":"Kraikai","description":"Ka\u010di\u0173 nat\u016bral\u016bs kraikai, \u0161un\u0173 sausas maistas, konservai","potentialAction":[{"@type":"SearchAction","target":{"@type":"EntryPoint","urlTemplate":"https:\/\/kraikai.premiumspace24.com\/?s={search_term_string}"},"query-input":{"@type":"PropertyValueSpecification","valueRequired":true,"valueName":"search_term_string"}}],"inLanguage":"lt-LT"}]}},"_links":{"self":[{"href":"https:\/\/kraikai.premiumspace24.com\/index.php\/wp-json\/wp\/v2\/product\/31940","targetHints":{"allow":["GET"]}}],"collection":[{"href":"https:\/\/kraikai.premiumspace24.com\/index.php\/wp-json\/wp\/v2\/product"}],"about":[{"href":"https:\/\/kraikai.premiumspace24.com\/index.php\/wp-json\/wp\/v2\/types\/product"}],"wp:featuredmedia":[{"embeddable":true,"href":"https:\/\/kraikai.premiumspace24.com\/index.php\/wp-json\/wp\/v2\/media\/31985"}],"wp:attachment":[{"href":"https:\/\/kraikai.premiumspace24.com\/index.php\/wp-json\/wp\/v2\/media?parent=31940"}],"wp:term":[{"taxonomy":"product_cat","embeddable":true,"href":"https:\/\/kraikai.premiumspace24.com\/index.php\/wp-json\/wp\/v2\/product_cat?post=31940"},{"taxonomy":"product_tag","embeddable":true,"href":"https:\/\/kraikai.premiumspace24.com\/index.php\/wp-json\/wp\/v2\/product_tag?post=31940"}],"curies":[{"name":"wp","href":"https:\/\/api.w.org\/{rel}","templated":true}]}}